{"id":598,"date":"2024-02-02T09:53:42","date_gmt":"2024-02-02T09:53:42","guid":{"rendered":"https:\/\/engagencywork.com\/exclusivedrive\/?page_id=598"},"modified":"2024-02-06T13:13:19","modified_gmt":"2024-02-06T12:13:19","slug":"booking","status":"publish","type":"page","link":"https:\/\/engagencywork.com\/exclusivedrive\/booking\/","title":{"rendered":"Booking"},"content":{"rendered":"\t\t<div data-elementor-type=\"wp-page\" data-elementor-id=\"598\" class=\"elementor elementor-598\">\n\t\t\t\t\t\t<section class=\"elementor-section elementor-top-section elementor-element elementor-element-db772ac elementor-section-height-min-height elementor-section-boxed elementor-section-height-default elementor-section-items-middle\" data-id=\"db772ac\" data-element_type=\"section\" data-e-type=\"section\" data-settings=\"{&quot;background_background&quot;:&quot;classic&quot;}\">\n\t\t\t\t\t\t\t<div class=\"elementor-background-overlay\"><\/div>\n\t\t\t\t\t\t\t<div class=\"elementor-container elementor-column-gap-no\">\n\t\t\t\t\t<div class=\"elementor-column elementor-col-100 elementor-top-column elementor-element elementor-element-1bb7699\" data-id=\"1bb7699\" data-element_type=\"column\" data-e-type=\"column\">\n\t\t\t<div class=\"elementor-widget-wrap elementor-element-populated\">\n\t\t\t\t\t\t<section class=\"elementor-section elementor-inner-section elementor-element elementor-element-d7562c5 elementor-section-boxed elementor-section-height-default elementor-section-height-default\" data-id=\"d7562c5\" data-element_type=\"section\" data-e-type=\"section\">\n\t\t\t\t\t\t<div class=\"elementor-container elementor-column-gap-no\">\n\t\t\t\t\t<div class=\"elementor-column elementor-col-100 elementor-inner-column elementor-element elementor-element-4ca2f15\" data-id=\"4ca2f15\" data-element_type=\"column\" data-e-type=\"column\">\n\t\t\t<div class=\"elementor-widget-wrap elementor-element-populated\">\n\t\t\t\t\t\t<div class=\"elementor-element elementor-element-5f2dc14 elementor-widget elementor-widget-heading\" data-id=\"5f2dc14\" data-element_type=\"widget\" data-e-type=\"widget\" data-widget_type=\"heading.default\">\n\t\t\t\t<div class=\"elementor-widget-container\">\n\t\t\t\t\t<h1 class=\"elementor-heading-title elementor-size-default\">Booking<\/h1>\t\t\t\t<\/div>\n\t\t\t\t<\/div>\n\t\t\t\t\t<\/div>\n\t\t<\/div>\n\t\t\t\t\t<\/div>\n\t\t<\/section>\n\t\t\t\t\t<\/div>\n\t\t<\/div>\n\t\t\t\t\t<\/div>\n\t\t<\/section>\n\t\t<div class=\"elementor-element elementor-element-5d0e6d9 e-flex e-con-boxed e-con e-parent\" data-id=\"5d0e6d9\" data-element_type=\"container\" data-e-type=\"container\">\n\t\t\t\t\t<div class=\"e-con-inner\">\n\t\t<div class=\"elementor-element elementor-element-5363cf4 e-flex e-con-boxed e-con e-child\" data-id=\"5363cf4\" data-element_type=\"container\" data-e-type=\"container\" data-settings=\"{&quot;background_background&quot;:&quot;classic&quot;}\">\n\t\t\t\t\t<div class=\"e-con-inner\">\n\t\t\t\t<div class=\"elementor-element elementor-element-68d4676 elementor-widget elementor-widget-heading\" data-id=\"68d4676\" data-element_type=\"widget\" data-e-type=\"widget\" data-widget_type=\"heading.default\">\n\t\t\t\t<div class=\"elementor-widget-container\">\n\t\t\t\t\t<h3 class=\"elementor-heading-title elementor-size-default\">Book din bil enkelt ved \u00e5 fylle ut skjemaet nedenfor!<\/h3>\t\t\t\t<\/div>\n\t\t\t\t<\/div>\n\t\t\t\t<div class=\"elementor-element elementor-element-6e2cb4a elementor-widget elementor-widget-wpforms\" data-id=\"6e2cb4a\" data-element_type=\"widget\" data-e-type=\"widget\" data-widget_type=\"wpforms.default\">\n\t\t\t\t<div class=\"elementor-widget-container\">\n\t\t\t\t\t<div class=\"wpforms-container \" id=\"wpforms-604\"><form id=\"wpforms-form-604\" class=\"wpforms-validate wpforms-form wpforms-ajax-form\" data-formid=\"604\" method=\"post\" enctype=\"multipart\/form-data\" action=\"\/exclusivedrive\/wp-json\/wp\/v2\/pages\/598\" data-token=\"30279b9ed675635485014e64e492f769\"><noscript class=\"wpforms-error-noscript\">Please enable JavaScript in your browser to complete this form.<\/noscript><div class=\"wpforms-field-container\"><div id=\"wpforms-604-field_0-container\" class=\"wpforms-field wpforms-field-name wpforms-one-half wpforms-first\" data-field-id=\"0\"><label class=\"wpforms-field-label\" for=\"wpforms-604-field_0\">Navn <span class=\"wpforms-required-label\">*<\/span><\/label><input type=\"text\" id=\"wpforms-604-field_0\" class=\"wpforms-field-large wpforms-field-required\" name=\"wpforms[fields][0]\" required><\/div><div id=\"wpforms-604-field_1-container\" class=\"wpforms-field wpforms-field-email wpforms-one-half\" data-field-id=\"1\"><label class=\"wpforms-field-label\" for=\"wpforms-604-field_1\">E-post <span class=\"wpforms-required-label\">*<\/span><\/label><input type=\"email\" id=\"wpforms-604-field_1\" class=\"wpforms-field-large wpforms-field-required\" name=\"wpforms[fields][1]\" spellcheck=\"false\" required><\/div><div id=\"wpforms-604-field_16-container\" class=\"wpforms-field wpforms-field-text wpforms-one-half wpforms-first\" data-field-id=\"16\"><label class=\"wpforms-field-label\" for=\"wpforms-604-field_16\">Telefon <span class=\"wpforms-required-label\">*<\/span><\/label><input type=\"text\" id=\"wpforms-604-field_16\" class=\"wpforms-field-large wpforms-field-required\" name=\"wpforms[fields][16]\" required><\/div><div id=\"wpforms-604-field_14-container\" class=\"wpforms-field wpforms-field-text wpforms-one-half\" data-field-id=\"14\"><label class=\"wpforms-field-label\" for=\"wpforms-604-field_14\">Flightnummer <span class=\"wpforms-required-label\">*<\/span><\/label><input type=\"text\" id=\"wpforms-604-field_14\" class=\"wpforms-field-large wpforms-field-required\" name=\"wpforms[fields][14]\" required><\/div><div id=\"wpforms-604-field_23-container\" class=\"wpforms-field wpforms-field-payment-select wpforms-one-half wpforms-first wpforms-field-select-style-classic\" data-field-id=\"23\"><label class=\"wpforms-field-label\" for=\"wpforms-604-field_23\">Hentested <span class=\"wpforms-required-label\">*<\/span><\/label><select id=\"wpforms-604-field_23\" class=\"wpforms-payment-price wpforms-field-large wpforms-field-required\" name=\"wpforms[fields][23]\" required=\"required\"><option value=\"1\" data-amount=\"10,00\" >Velg hentested<\/option><option value=\"2\" data-amount=\"600,00\" >Radisson SAS<\/option><option value=\"3\" data-amount=\"50,00\" >Hotell Helsfyr<\/option><option value=\"4\" data-amount=\"60,00\" >Hotell Nydalen<\/option><\/select><\/div><div id=\"wpforms-604-field_24-container\" class=\"wpforms-field wpforms-field-payment-select wpforms-one-half wpforms-field-select-style-classic\" data-field-id=\"24\"><label class=\"wpforms-field-label\" for=\"wpforms-604-field_24\">Leverings sted <span class=\"wpforms-required-label\">*<\/span><\/label><select id=\"wpforms-604-field_24\" class=\"wpforms-payment-price wpforms-field-large wpforms-field-required\" name=\"wpforms[fields][24]\" required=\"required\"><option value=\"1\" data-amount=\"10,00\" >Velg destinasjon - Kr10,00<\/option><option value=\"2\" data-amount=\"200,00\" >Oslo lufthavn - Kr200,00<\/option><option value=\"3\" data-amount=\"50,00\" >Torp lufthavn - Kr50,00<\/option><\/select><\/div><div id=\"wpforms-604-field_17-container\" class=\"wpforms-field wpforms-field-date-time\" data-field-id=\"17\"><label class=\"wpforms-field-label\" for=\"wpforms-604-field_17\">Hentetid <span class=\"wpforms-required-label\">*<\/span><\/label><div class=\"wpforms-field-row wpforms-field-large\"><div class=\"wpforms-field-row-block wpforms-date-type-datepicker\"><div class=\"wpforms-datepicker-wrap\"><input type=\"text\" id=\"wpforms-604-field_17\" class=\"wpforms-field-date-time-date wpforms-datepicker wpforms-field-required\" data-date-format=\"F j, Y\" data-disable-past-dates=\"1\" data-input=\"true\" name=\"wpforms[fields][17][date]\" required><a title=\"Clear Date\" data-clear class=\"wpforms-datepicker-clear\" style=\"display:none;\"><\/a><\/div><label for=\"wpforms-604-field_17\" class=\"wpforms-field-sublabel after \">Date<\/label><\/div><div class=\"wpforms-field-row-block\"><input type=\"text\" id=\"wpforms-604-field_17-time\" class=\"wpforms-field-date-time-time wpforms-timepicker wpforms-field-required\" data-time-format=\"g:i A\" data-step=\"30\" data-rule-time12h=\"true\" name=\"wpforms[fields][17][time]\" required><label for=\"wpforms-604-field_17-time\" class=\"wpforms-field-sublabel after \">Time<\/label><\/div><\/div><\/div><div id=\"wpforms-604-field_15-container\" class=\"wpforms-field wpforms-field-textarea\" data-field-id=\"15\"><label class=\"wpforms-field-label\" for=\"wpforms-604-field_15\">Vennligst oppgi tilleggsinformasjon <span class=\"wpforms-required-label\">*<\/span><\/label><textarea id=\"wpforms-604-field_15\" class=\"wpforms-field-small wpforms-field-required\" name=\"wpforms[fields][15]\" placeholder=\"Eks. Henting fra Oslo Lufthavn, lander kl 11. 3 stopp i Oslo i l\u00f8pet av dagen.\" required><\/textarea><\/div><div id=\"wpforms-604-field_4-container\" class=\"wpforms-field wpforms-field-payment-multiple wpforms-list-inline\" data-field-id=\"4\"><label class=\"wpforms-field-label\" for=\"wpforms-604-field_4\">\u00d8nsket kj\u00f8ret\u00f8y <span class=\"wpforms-required-label\">*<\/span><\/label><ul id=\"wpforms-604-field_4\" class=\"wpforms-field-required wpforms-image-choices wpforms-image-choices-classic\"><li class=\"choice-1 wpforms-image-choices-item\"><label class=\"wpforms-field-label-inline\" for=\"wpforms-604-field_4_1\"><span class=\"wpforms-image-choices-image\"><img decoding=\"async\" src=\"https:\/\/engagencywork.com\/exclusivedrive\/wp-content\/uploads\/2024\/02\/Audi.png\" alt=\"Audi e-Tron\" title=\"Audi e-Tron\"><\/span><input type=\"radio\" id=\"wpforms-604-field_4_1\" class=\"wpforms-payment-price wpforms-screen-reader-element\" data-amount=\"1.200,00\" name=\"wpforms[fields][4]\" value=\"1\" required ><span class=\"wpforms-image-choices-label\">Audi e-Tron<\/span><\/label><\/li><li class=\"choice-2 wpforms-image-choices-item\"><label class=\"wpforms-field-label-inline\" for=\"wpforms-604-field_4_2\"><span class=\"wpforms-image-choices-image\"><img decoding=\"async\" src=\"https:\/\/engagencywork.com\/exclusivedrive\/wp-content\/uploads\/2024\/02\/bmw-1.png\" alt=\"BMW i4\" title=\"BMW i4\"><\/span><input type=\"radio\" id=\"wpforms-604-field_4_2\" class=\"wpforms-payment-price wpforms-screen-reader-element\" data-amount=\"1.050,00\" name=\"wpforms[fields][4]\" value=\"2\" required ><span class=\"wpforms-image-choices-label\">BMW i4<\/span><\/label><\/li><li class=\"choice-3 wpforms-image-choices-item\"><label class=\"wpforms-field-label-inline\" for=\"wpforms-604-field_4_3\"><span class=\"wpforms-image-choices-image\"><img decoding=\"async\" src=\"https:\/\/engagencywork.com\/exclusivedrive\/wp-content\/uploads\/2024\/02\/2-1.png\" alt=\"Mercedes-Benz EQE\" title=\"Mercedes-Benz EQE\"><\/span><input type=\"radio\" id=\"wpforms-604-field_4_3\" class=\"wpforms-payment-price wpforms-screen-reader-element\" data-amount=\"1.500,00\" name=\"wpforms[fields][4]\" value=\"3\" required ><span class=\"wpforms-image-choices-label\">Mercedes-Benz EQE<\/span><\/label><\/li><li class=\"choice-4 wpforms-image-choices-item\"><label class=\"wpforms-field-label-inline\" for=\"wpforms-604-field_4_4\"><span class=\"wpforms-image-choices-image\"><img decoding=\"async\" src=\"https:\/\/engagencywork.com\/exclusivedrive\/wp-content\/uploads\/2024\/02\/Model-y-1.png\" alt=\"Tesla Model Y\" title=\"Tesla Model Y\"><\/span><input type=\"radio\" id=\"wpforms-604-field_4_4\" class=\"wpforms-payment-price wpforms-screen-reader-element\" data-amount=\"2.500,00\" name=\"wpforms[fields][4]\" value=\"4\" required ><span class=\"wpforms-image-choices-label\">Tesla Model Y<\/span><\/label><\/li><\/ul><\/div><div id=\"wpforms-604-field_5-container\" class=\"wpforms-field wpforms-field-payment-total wpforms-field-medium\" data-field-id=\"5\"><label class=\"wpforms-field-label\" for=\"wpforms-604-field_5\">Totalpris<\/label><div class=\"wpforms-payment-total\" style=\"\">Kr0,00<\/div><input type=\"hidden\" id=\"wpforms-604-field_5\" class=\"wpforms-field-medium wpforms-payment-total\" name=\"wpforms[fields][5]\" value=\"0\"><\/div><\/div><!-- .wpforms-field-container --><div class=\"wpforms-submit-container\" ><input type=\"hidden\" name=\"wpforms[id]\" value=\"604\"><input type=\"hidden\" name=\"wpforms[author]\" value=\"1\"><button type=\"submit\" name=\"wpforms[submit]\" id=\"wpforms-submit-604\" class=\"wpforms-submit\" data-alt-text=\"Sending...\" data-submit-text=\"Bestill\" aria-live=\"assertive\" value=\"wpforms-submit\">Bestill<\/button><img decoding=\"async\" src=\"https:\/\/engagencywork.com\/exclusivedrive\/wp-content\/plugins\/wpforms\/assets\/images\/submit-spin.svg\" class=\"wpforms-submit-spinner\" style=\"display: none;\" width=\"26\" height=\"26\" alt=\"Loading\"><\/div><\/form><\/div>  <!-- .wpforms-container -->\t\t\t\t<\/div>\n\t\t\t\t<\/div>\n\t\t\t\t\t<\/div>\n\t\t\t\t<\/div>\n\t\t\t\t\t<\/div>\n\t\t\t\t<\/div>\n\t\t\t\t<\/div>\n\t\t","protected":false},"excerpt":{"rendered":"<p>Booking Book din bil enkelt ved \u00e5 fylle ut skjemaet nedenfor!<\/p>\n","protected":false},"author":1,"featured_media":0,"parent":0,"menu_order":0,"comment_status":"closed","ping_status":"closed","template":"","meta":{"site-sidebar-layout":"no-sidebar","site-content-layout":"page-builder","ast-site-content-layout":"full-width-container","site-content-style":"default","site-sidebar-style":"default","ast-global-header-display":"","ast-banner-title-visibility":"","ast-main-header-display":"","ast-hfb-above-header-display":"","ast-hfb-below-header-display":"","ast-hfb-mobile-header-display":"","site-post-title":"disabled","ast-breadcrumbs-content":"","ast-featured-img":"disabled","footer-sml-layout":"","ast-disable-related-posts":"","theme-transparent-header-meta":"enabled","adv-header-id-meta":"","stick-header-meta":"","header-above-stick-meta":"","header-main-stick-meta":"","header-below-stick-meta":"","astra-migrate-meta-layouts":"set","ast-page-background-enabled":"default","ast-page-background-meta":{"desktop":{"background-color":"","background-image":"","background-repeat":"repeat","background-position":"center center","background-size":"auto","background-attachment":"scroll","background-type":"","background-media":"","overlay-type":"","overlay-color":"","overlay-opacity":"","overlay-gradient":""},"tablet":{"background-color":"","background-image":"","background-repeat":"repeat","background-position":"center center","background-size":"auto","background-attachment":"scroll","background-type":"","background-media":"","overlay-type":"","overlay-color":"","overlay-opacity":"","overlay-gradient":""},"mobile":{"background-color":"","background-image":"","background-repeat":"repeat","background-position":"center center","background-size":"auto","background-attachment":"scroll","background-type":"","background-media":"","overlay-type":"","overlay-color":"","overlay-opacity":"","overlay-gradient":""}},"ast-content-background-meta":{"desktop":{"background-color":"var(--ast-global-color-5)","background-image":"","background-repeat":"repeat","background-position":"center center","background-size":"auto","background-attachment":"scroll","background-type":"","background-media":"","overlay-type":"","overlay-color":"","overlay-opacity":"","overlay-gradient":""},"tablet":{"background-color":"var(--ast-global-color-5)","background-image":"","background-repeat":"repeat","background-position":"center center","background-size":"auto","background-attachment":"scroll","background-type":"","background-media":"","overlay-type":"","overlay-color":"","overlay-opacity":"","overlay-gradient":""},"mobile":{"background-color":"var(--ast-global-color-5)","background-image":"","background-repeat":"repeat","background-position":"center center","background-size":"auto","background-attachment":"scroll","background-type":"","background-media":"","overlay-type":"","overlay-color":"","overlay-opacity":"","overlay-gradient":""}},"footnotes":""},"class_list":["post-598","page","type-page","status-publish","hentry"],"_links":{"self":[{"href":"https:\/\/engagencywork.com\/exclusivedrive\/wp-json\/wp\/v2\/pages\/598","targetHints":{"allow":["GET"]}}],"collection":[{"href":"https:\/\/engagencywork.com\/exclusivedrive\/wp-json\/wp\/v2\/pages"}],"about":[{"href":"https:\/\/engagencywork.com\/exclusivedrive\/wp-json\/wp\/v2\/types\/page"}],"author":[{"embeddable":true,"href":"https:\/\/engagencywork.com\/exclusivedrive\/wp-json\/wp\/v2\/users\/1"}],"replies":[{"embeddable":true,"href":"https:\/\/engagencywork.com\/exclusivedrive\/wp-json\/wp\/v2\/comments?post=598"}],"version-history":[{"count":34,"href":"https:\/\/engagencywork.com\/exclusivedrive\/wp-json\/wp\/v2\/pages\/598\/revisions"}],"predecessor-version":[{"id":899,"href":"https:\/\/engagencywork.com\/exclusivedrive\/wp-json\/wp\/v2\/pages\/598\/revisions\/899"}],"wp:attachment":[{"href":"https:\/\/engagencywork.com\/exclusivedrive\/wp-json\/wp\/v2\/media?parent=598"}],"curies":[{"name":"wp","href":"https:\/\/api.w.org\/{rel}","templated":true}]}}